{"id":9518,"date":"2017-11-02T05:23:42","date_gmt":"2017-11-02T05:23:42","guid":{"rendered":"http:\/\/barlamarble.com\/?page_id=9518"},"modified":"2023-03-18T14:33:02","modified_gmt":"2023-03-18T14:33:02","slug":"about-us","status":"publish","type":"page","link":"https:\/\/barlamarble.com\/en\/about-us\/","title":{"rendered":"About Us"},"content":{"rendered":"<div class=\"vc_row wpb_row vc_row-fluid\"><div class=\"wpb_column vc_column_container vc_col-sm-12\"><div class=\"vc_column-inner\"><div class=\"wpb_wrapper\"><div class='dt-sc-title with-two-border aligncenter'><h2>WHO <strong>WE ARE<\/strong><\/h2><\/div><div class=\"ult-spacer spacer-69e34513673b3\" data-id=\"69e34513673b3\" data-height=\"50\" data-height-mobile=\"50\" data-height-tab=\"50\" data-height-tab-portrait=\"\" data-height-mobile-landscape=\"\" style=\"clear:both;display:block;\"><\/div><\/div><\/div><\/div><\/div><div class=\"vc_row wpb_row vc_row-fluid\"><div class=\"wpb_column vc_column_container vc_col-sm-6\"><div class=\"vc_column-inner\"><div class=\"wpb_wrapper\"><div class=\"vc_empty_space\"   style=\"height: 130px\"><span class=\"vc_empty_space_inner\"><\/span><\/div>\n\t<div class=\"wpb_text_column wpb_content_element  vc_custom_1679149923452\" >\n\t\t<div class=\"wpb_wrapper\">\n\t\t\t<div class=\"page\" title=\"Page 2\">\n<div class=\"layoutArea\">\n<div class=\"column\">\n<p>Barla Marble<\/p>\n<p>Barla Marble is a young member of the natural stone sector, established in 2008 and aims to take an important role in the market together with the experience of partner company, Bartu Marble. lt's new product Crema Barla (Ottoman Beige) has already become one of the most demanded beige marble in the natural stone sector. The company has also dedicated itself to introduce Anatolia's secret treasure, marble to the World markets. Beside operating natural stone quarries all around Turkey, it continues to contribute to sector by conducting new 35 licences.<\/p>\n<\/div>\n<\/div>\n<\/div>\n\n\t\t<\/div>\n\t<\/div>\n<\/div><\/div><\/div><div class=\"wpb_column vc_column_container vc_col-sm-6\"><div class=\"vc_column-inner\"><div class=\"wpb_wrapper\">\n\t<div  class=\"wpb_single_image wpb_content_element vc_align_left\">\n\t\t\n\t\t<figure class=\"wpb_wrapper vc_figure\">\n\t\t\t<div class=\"vc_single_image-wrapper   vc_box_border_grey\"><img loading=\"lazy\" decoding=\"async\" width=\"2560\" height=\"2339\" src=\"https:\/\/barlamarble.com\/wp-content\/uploads\/2021\/02\/Barla-Mermer-Catalogue-2-scaled.jpg\" class=\"vc_single_image-img attachment-full\" alt=\"\" srcset=\"https:\/\/barlamarble.com\/wp-content\/uploads\/2021\/02\/Barla-Mermer-Catalogue-2-scaled.jpg 2560w, https:\/\/barlamarble.com\/wp-content\/uploads\/2021\/02\/Barla-Mermer-Catalogue-2-300x274.jpg 300w, https:\/\/barlamarble.com\/wp-content\/uploads\/2021\/02\/Barla-Mermer-Catalogue-2-1024x936.jpg 1024w, https:\/\/barlamarble.com\/wp-content\/uploads\/2021\/02\/Barla-Mermer-Catalogue-2-768x702.jpg 768w, https:\/\/barlamarble.com\/wp-content\/uploads\/2021\/02\/Barla-Mermer-Catalogue-2-1536x1403.jpg 1536w, https:\/\/barlamarble.com\/wp-content\/uploads\/2021\/02\/Barla-Mermer-Catalogue-2-2048x1871.jpg 2048w, https:\/\/barlamarble.com\/wp-content\/uploads\/2021\/02\/Barla-Mermer-Catalogue-2-600x548.jpg 600w\" sizes=\"auto, (max-width: 2560px) 100vw, 2560px\" \/><\/div>\n\t\t<\/figure>\n\t<\/div>\n<\/div><\/div><\/div><\/div><div class=\"vc_row wpb_row vc_row-fluid vc_row-o-content-middle vc_row-flex\"><div class=\"wpb_column vc_column_container vc_col-sm-12\"><div class=\"vc_column-inner\" style=\" text-align:center; \"><div class=\"wpb_wrapper\"><ul class='dt-sc-sociables rounded-border'><li><a class=\"fa fa-facebook\" target=\"\" href=\"https:\/\/www.facebook.com\/barlamarble\"><\/a><\/li><li><a class=\"fa fa-instagram\" target=\"\" href=\"https:\/\/www.instagram.com\/barla.marble\/\"><\/a><\/li><li><a class=\"fa fa-linkedin\" target=\"\" href=\"https:\/\/www.linkedin.com\/company\/barla-marble\/\"><\/a><\/li><\/ul>\n\t<div class=\"wpb_text_column wpb_content_element\" >\n\t\t<div class=\"wpb_wrapper\">\n\t\t\t<div class=\"brz-root__container\"><\/div>\n\n\t\t<\/div>\n\t<\/div>\n<\/div><\/div><\/div><\/div><div class=\"vc_row wpb_row vc_row-fluid\"><div class=\"wpb_column vc_column_container vc_col-sm-12\"><div class=\"vc_column-inner\"><div class=\"wpb_wrapper\"><div class='dt-sc-title with-two-border aligncenter'><h2>WHY YOU <strong>CHOOSE US<\/strong><\/h2><\/div><div class=\"ult-spacer spacer-69e345136c49d\" data-id=\"69e345136c49d\" data-height=\"50\" data-height-mobile=\"50\" data-height-tab=\"50\" data-height-tab-portrait=\"\" data-height-mobile-landscape=\"\" style=\"clear:both;display:block;\"><\/div><\/div><\/div><\/div><\/div><div class=\"vc_row wpb_row vc_row-fluid\"><div class=\"wpb_column vc_column_container vc_col-sm-6\"><div class=\"vc_column-inner\"><div class=\"wpb_wrapper\"><div class='dt-sc-icon-box type5 round underline'><div class=\"icon-wrapper\"><img loading=\"lazy\" decoding=\"async\" width=\"64\" height=\"64\" src=\"https:\/\/barlamarble.com\/wp-content\/uploads\/2020\/03\/diamond.png\" class=\"attachment-full\" alt=\"\" \/><\/div><div class=\"icon-content\"><h4>Quality Products<\/h4><p>We strive to offer our customers the best quality of the products in the most appropriate way to their needs.<\/p><\/div><\/div><div class=\"ult-spacer spacer-69e345136daf6\" data-id=\"69e345136daf6\" data-height=\"80\" data-height-mobile=\"80\" data-height-tab=\"80\" data-height-tab-portrait=\"\" data-height-mobile-landscape=\"\" style=\"clear:both;display:block;\"><\/div><\/div><\/div><\/div><div class=\"wpb_column vc_column_container vc_col-sm-6\"><div class=\"vc_column-inner\"><div class=\"wpb_wrapper\"><div class='dt-sc-icon-box type5 round underline'><div class=\"icon-wrapper\"><img loading=\"lazy\" decoding=\"async\" width=\"64\" height=\"64\" src=\"https:\/\/barlamarble.com\/wp-content\/uploads\/2020\/03\/teamwork.png\" class=\"attachment-full\" alt=\"\" \/><\/div><div class=\"icon-content\"><h4>Professional Team!<\/h4><div class=\"icon-content\">\n<p>We work with our professional team at every stage of production, processing and sales to ensure that our customers receive the service they need in a complete and correct manner.<\/p>\n<p>&nbsp;<\/p><\/div><\/div><\/div><\/div><\/div><\/div><div class=\"wpb_column vc_column_container vc_col-sm-12\"><div class=\"vc_column-inner\"><div class=\"wpb_wrapper\"><div class=\"ult-spacer spacer-69e345136ede2\" data-id=\"69e345136ede2\" data-height=\"30\" data-height-mobile=\"30\" data-height-tab=\"30\" data-height-tab-portrait=\"\" data-height-mobile-landscape=\"\" style=\"clear:both;display:block;\"><\/div><\/div><\/div><\/div><\/div><div class=\"vc_row wpb_row vc_row-fluid\"><div class=\"wpb_column vc_column_container vc_col-sm-6\"><div class=\"vc_column-inner\"><div class=\"wpb_wrapper\"><div class='dt-sc-icon-box type5 round underline'><div class=\"icon-wrapper\"><img loading=\"lazy\" decoding=\"async\" width=\"64\" height=\"64\" src=\"https:\/\/barlamarble.com\/wp-content\/uploads\/2020\/03\/safety.png\" class=\"attachment-full\" alt=\"\" \/><\/div><div class=\"icon-content\"><h4>Secure Logistics<\/h4><p>We ensure that our customers' orders are transferred to the desired location without any damage, on time and with the right packaging method.<\/p><\/div><\/div><div class=\"ult-spacer spacer-69e345136ffca\" data-id=\"69e345136ffca\" data-height=\"30\" data-height-mobile=\"30\" data-height-tab=\"30\" data-height-tab-portrait=\"\" data-height-mobile-landscape=\"\" style=\"clear:both;display:block;\"><\/div><\/div><\/div><\/div><div class=\"wpb_column vc_column_container vc_col-sm-6\"><div class=\"vc_column-inner\"><div class=\"wpb_wrapper\"><div class='dt-sc-icon-box type5 round underline'><div class=\"icon-wrapper\"><img loading=\"lazy\" decoding=\"async\" width=\"64\" height=\"64\" src=\"https:\/\/barlamarble.com\/wp-content\/uploads\/2020\/03\/agreement.png\" class=\"attachment-full\" alt=\"\" \/><\/div><div class=\"icon-content\"><h4>Strong Customer Network<\/h4><p>We are also getting stronger with our strong customers from all over the world.<\/p><\/div><\/div><\/div><\/div><\/div><\/div><div class=\"vc_row wpb_row vc_row-fluid\"><div class=\"wpb_column vc_column_container vc_col-sm-12\"><div class=\"vc_column-inner\"><div class=\"wpb_wrapper\"><div class=\"ult-spacer spacer-69e34513710fe\" data-id=\"69e34513710fe\" data-height=\"80\" data-height-mobile=\"80\" data-height-tab=\"80\" data-height-tab-portrait=\"\" data-height-mobile-landscape=\"\" style=\"clear:both;display:block;\"><\/div><\/div><\/div><\/div><\/div><div class=\"vc_row wpb_row vc_row-fluid\"><div class=\"wpb_column vc_column_container vc_col-sm-12\"><div class=\"vc_column-inner\"><div class=\"wpb_wrapper\"><div class=\"ult-spacer spacer-69e34513716c3\" data-id=\"69e34513716c3\" data-height=\"80\" data-height-mobile=\"80\" data-height-tab=\"80\" data-height-tab-portrait=\"\" data-height-mobile-landscape=\"\" style=\"clear:both;display:block;\"><\/div><\/div><\/div><\/div><\/div><div class=\"vc_row wpb_row vc_row-fluid\"><div class=\"wpb_column vc_column_container vc_col-sm-12\"><div class=\"vc_column-inner\"><div class=\"wpb_wrapper\"><div class=\"ult-spacer spacer-69e3451371cb1\" data-id=\"69e3451371cb1\" data-height=\"70\" data-height-mobile=\"70\" data-height-tab=\"70\" data-height-tab-portrait=\"\" data-height-mobile-landscape=\"\" style=\"clear:both;display:block;\"><\/div><\/div><\/div><\/div><\/div><div data-vc-full-width=\"true\" data-vc-full-width-init=\"false\" class=\"vc_row wpb_row vc_row-fluid vc_custom_1583836683221 vc_row-has-fill\"><div class=\"wpb_column vc_column_container vc_col-sm-12\"><div class=\"vc_column-inner\"><div class=\"wpb_wrapper\">\n\t<div class=\"wpb_text_column wpb_content_element\" >\n\t\t<div class=\"wpb_wrapper\">\n\t\t\t<h2 style=\"text-align: center; color: #ffffff;\">If you want to work with a professional brand, you're in exactly the right place.<\/h2>\n\n\t\t<\/div>\n\t<\/div>\n<\/div><\/div><\/div><\/div><div class=\"vc_row-full-width vc_clearfix\"><\/div><!-- Row Backgrounds --><div class=\"upb_bg_img\" data-ultimate-bg=\"url(https:\/\/barlamarble.com\/wp-content\/uploads\/2020\/03\/darkriver-ebatl\u0131-scaled.jpg)\" data-image-id=\"id^9641|url^http:\/\/barlamarble.com\/wp-content\/uploads\/2020\/03\/darkriver-ebatl\u0131-scaled.jpg|caption^null|alt^null|title^darkriver ebatl\u0131|description^null\" data-ultimate-bg-style=\"vcpb-vz-jquery\" data-bg-img-repeat=\"no-repeat\" data-bg-img-size=\"cover\" data-bg-img-position=\"\" data-parallx_sense=\"30\" data-bg-override=\"0\" data-bg_img_attach=\"scroll\" data-upb-overlay-color=\"rgba(0,0,0,0.8)\" data-upb-bg-animation=\"\" data-fadeout=\"\" data-bg-animation=\"left-animation\" data-bg-animation-type=\"h\" data-animation-repeat=\"repeat\" data-fadeout-percentage=\"30\" data-parallax-content=\"\" data-parallax-content-sense=\"30\" data-row-effect-mobile-disable=\"true\" data-img-parallax-mobile-disable=\"true\" data-rtl=\"false\"  data-custom-vc-row=\"\"  data-vc=\"6.1\"  data-is_old_vc=\"\"  data-theme-support=\"\"   data-overlay=\"true\" data-overlay-color=\"rgba(0,0,0,0.8)\" data-overlay-pattern=\"\" data-overlay-pattern-opacity=\"0.8\" data-overlay-pattern-size=\"\" data-overlay-pattern-attachment=\"scroll\"    ><\/div><div class=\"vc_row wpb_row vc_row-fluid\"><div class=\"wpb_column vc_column_container vc_col-sm-12\"><div class=\"vc_column-inner\"><div class=\"wpb_wrapper\"><div class=\"ult-spacer spacer-69e3451373726\" data-id=\"69e3451373726\" data-height=\"80\" data-height-mobile=\"80\" data-height-tab=\"80\" data-height-tab-portrait=\"\" data-height-mobile-landscape=\"\" style=\"clear:both;display:block;\"><\/div><\/div><\/div><\/div><\/div>","protected":false},"excerpt":{"rendered":"<p>B\u0130Z K\u0130M\u0130Z Barla Mermer 2008 y\u0131l\u0131nda kurulan Barla Mermer, dog\u0306al tas\u0327 sekto\u0308ru\u0308nu\u0308n dinamik firmalar\u0131ndan biridir. Bartu Mermer ile birlikte sekto\u0308ru\u0308n o\u0308nemli oyuncular\u0131ndan biri olmay\u0131 hedeflemektedir. Ana u\u0308ru\u0308nu\u0308mu\u0308z olan Crema Barla (Ottoman Beige) dog\u0306alta\u015f sekto\u0308ru\u0308nu\u0308n en c\u0327ok talep edilen u\u0308ru\u0308nlerden biridir. Barla Mermer, Anadolu&#8217;nun gizli hazinesi mermeri du\u0308nyaya tan\u0131tma yolunda c\u0327al\u0131s\u0327malar\u0131na devam edecektir. Tu\u0308rkiye\u2019nin do\u0308rt bir [&hellip;]<\/p>","protected":false},"author":1,"featured_media":0,"parent":0,"menu_order":0,"comment_status":"closed","ping_status":"closed","template":"","meta":{"footnotes":""},"class_list":["post-9518","page","type-page","status-publish","hentry"],"_links":{"self":[{"href":"https:\/\/barlamarble.com\/en\/wp-json\/wp\/v2\/pages\/9518","targetHints":{"allow":["GET"]}}],"collection":[{"href":"https:\/\/barlamarble.com\/en\/wp-json\/wp\/v2\/pages"}],"about":[{"href":"https:\/\/barlamarble.com\/en\/wp-json\/wp\/v2\/types\/page"}],"author":[{"embeddable":true,"href":"https:\/\/barlamarble.com\/en\/wp-json\/wp\/v2\/users\/1"}],"replies":[{"embeddable":true,"href":"https:\/\/barlamarble.com\/en\/wp-json\/wp\/v2\/comments?post=9518"}],"version-history":[{"count":5,"href":"https:\/\/barlamarble.com\/en\/wp-json\/wp\/v2\/pages\/9518\/revisions"}],"predecessor-version":[{"id":10251,"href":"https:\/\/barlamarble.com\/en\/wp-json\/wp\/v2\/pages\/9518\/revisions\/10251"}],"wp:attachment":[{"href":"https:\/\/barlamarble.com\/en\/wp-json\/wp\/v2\/media?parent=9518"}],"curies":[{"name":"wp","href":"https:\/\/api.w.org\/{rel}","templated":true}]}}