{"id":7791,"date":"2017-09-20T09:21:23","date_gmt":"2017-09-20T09:21:23","guid":{"rendered":"http:\/\/barlamarble.com\/?page_id=7791"},"modified":"2023-03-18T14:57:59","modified_gmt":"2023-03-18T14:57:59","slug":"contact-us","status":"publish","type":"page","link":"https:\/\/barlamarble.com\/en\/contact-us\/","title":{"rendered":"Contact Us"},"content":{"rendered":"<div  style='display: inline-block;' data-vc-full-width=\"true\" data-vc-full-width-init=\"false\" data-vc-stretch-content=\"true\" class=\"vc_row wpb_row vc_row-fluid vc_custom_1583564959761 vc_row-no-padding\"><div class=\"rs_col_no_btm_space wpb_column vc_column_container vc_col-sm-12\"><div class=\"vc_column-inner\"><div class=\"wpb_wrapper\"><div class=\"wpb_gmaps_widget wpb_content_element\"><div class=\"wpb_wrapper\"><div class=\"wpb_map_wraper\"><iframe src=\"https:\/\/www.google.com\/maps\/embed?pb=!1m18!1m12!1m3!1d25524.500786701636!2d30.632020447980135!3d36.90081085463244!2m3!1f0!2f0!3f0!3m2!1i1024!2i768!4f13.1!3m3!1m2!1s0x14c391860168b619%3A0x5c78798b593cc2a9!2sBarla%20Mermer!5e0!3m2!1str!2str!4v1679149659861!5m2!1str!2str\" width=\"600\" height=\"450\" style=\"border:0;\" allowfullscreen=\"\" loading=\"lazy\" referrerpolicy=\"no-referrer-when-downgrade\"><\/iframe><\/div><\/div><\/div><div class='dt-sc-clear'> <\/div><\/div><\/div><\/div><\/div><div class=\"vc_row-full-width vc_clearfix\"><\/div><div class=\"vc_row wpb_row vc_row-fluid\"><div class=\"wpb_column vc_column_container vc_col-sm-12\"><div class=\"vc_column-inner\"><div class=\"wpb_wrapper\"><div class='dt-sc-clear'> <\/div><\/div><\/div><\/div><\/div><div data-vc-full-width=\"true\" data-vc-full-width-init=\"false\" class=\"vc_row wpb_row vc_row-fluid dt-sc-overflow_visible vc_custom_1506662106041 vc_row-has-fill\"><div class=\"wpb_column vc_column_container vc_col-sm-12\"><div class=\"vc_column-inner\"><div class=\"wpb_wrapper\"><div class=\"vc_row wpb_row vc_inner vc_row-fluid vc_custom_1458197109566\"><div class=\"wpb_column vc_column_container vc_col-sm-4\"><div class=\"vc_column-inner\"><div class=\"wpb_wrapper\"><div class='dt-sc-contact-info type2 type2'><span class='pe-icon pe-call'> <\/span><h6>Call Us<\/h6>Telefon: +90 530 157 23 40<\/div><\/div><\/div><\/div><div class=\"wpb_column vc_column_container vc_col-sm-4\"><div class=\"vc_column-inner\"><div class=\"wpb_wrapper\"><div class='dt-sc-contact-info type2 type2'><span class='pe-icon pe-mail'> <\/span><h6>SEND US AN E-MAIL<\/h6><a href=\"mailto:export@barlamarble.com\">export@barlamarble.com<\/a><\/div><\/div><\/div><\/div><div class=\"wpb_column vc_column_container vc_col-sm-4\"><div class=\"vc_column-inner\"><div class=\"wpb_wrapper\"><div class='dt-sc-contact-info type2'><span class='pe-icon pe-map-marker'> <\/span><h6>OUR ADDRESS<\/h6><strong>Head Office:<\/strong> K\u00fclt\u00fcr mah. H\u00fcrriyet Cad. Level Ant No:42 A Blok D8 07090 Kepez Antalya T\u00fcrkiye<\/p>\n<p><strong>Factory &amp; Quary:<\/strong> Be\u015fevler Mevkii Sevin\u00e7bey Mah. 032502 E\u011firdir Isparta T\u00fcrkiye<\/div><\/div><\/div><\/div><\/div><div class=\"vc_row wpb_row vc_inner vc_row-fluid\"><div class=\"rs_col-sm-12 wpb_column vc_column_container vc_col-sm-3 vc_col-lg-3 vc_col-md-12\"><div class=\"vc_column-inner\"><div class=\"wpb_wrapper\">\n\t<div class=\"wpb_text_column wpb_content_element  vc_custom_1615541322100\" >\n\t\t<div class=\"wpb_wrapper\">\n\t\t\t<h2>Keep in Touch...<\/h2>\n<p>Follow our social media accounts so that we can always follow us and stay in touch with you.<\/p>\n<div class='dt-sc-hr-invisible-xsmall'> <\/div>\n<h4><strong>Social Networks<\/strong><\/h4>\n\n\t\t<\/div>\n\t<\/div>\n<ul class='dt-sc-sociables  rounded-border architecture-contact-social'><li><a class=\"fa fa-facebook\" target=\"\" href=\"https:\/\/www.facebook.com\/barlamarble\"><\/a><\/li><li><a class=\"fa fa-instagram\" target=\"\" href=\"https:\/\/www.instagram.com\/barla.marble\/\"><\/a><\/li><li><a class=\"fa fa-linkedin\" target=\"\" href=\"https:\/\/www.linkedin.com\/company\/barla-marble\/\"><\/a><\/li><\/ul><\/div><\/div><\/div><div class=\"wpb_column vc_column_container vc_col-sm-9\"><div class=\"vc_column-inner\"><div class=\"wpb_wrapper\">\n<div class=\"wpcf7 no-js\" id=\"wpcf7-f10254-o1\" lang=\"tr-TR\" dir=\"ltr\">\n<div class=\"screen-reader-response\"><p role=\"status\" aria-live=\"polite\" aria-atomic=\"true\"><\/p> <ul><\/ul><\/div>\n<form action=\"\/en\/wp-json\/wp\/v2\/pages\/7791#wpcf7-f10254-o1\" method=\"post\" class=\"wpcf7-form init\" aria-label=\"Contact form\" novalidate=\"novalidate\" data-status=\"init\" data-trp-original-action=\"\/en\/wp-json\/wp\/v2\/pages\/7791#wpcf7-f10254-o1\">\n<div style=\"display: none;\">\n<input type=\"hidden\" name=\"_wpcf7\" value=\"10254\" \/>\n<input type=\"hidden\" name=\"_wpcf7_version\" value=\"5.7.4\" \/>\n<input type=\"hidden\" name=\"_wpcf7_locale\" value=\"tr_TR\" \/>\n<input type=\"hidden\" name=\"_wpcf7_unit_tag\" value=\"wpcf7-f10254-o1\" \/>\n<input type=\"hidden\" name=\"_wpcf7_container_post\" value=\"0\" \/>\n<input type=\"hidden\" name=\"_wpcf7_posted_data_hash\" value=\"\" \/>\n<\/div>\n<p><label> <b>Name Surname<\/b><br \/>\n<span class=\"wpcf7-form-control-wrap\" data-name=\"your-name\"><input size=\"40\" class=\"wpcf7-form-control wpcf7-text wpcf7-validates-as-required\" autocomplete=\"name\" aria-required=\"true\" aria-invalid=\"false\" value=\"\" type=\"text\" name=\"your-name\" \/><\/span> <\/label>\n<\/p>\n<p><label> <b>Email<\/b><br \/>\n<span class=\"wpcf7-form-control-wrap\" data-name=\"your-email\"><input size=\"40\" class=\"wpcf7-form-control wpcf7-text wpcf7-email wpcf7-validates-as-required wpcf7-validates-as-email\" autocomplete=\"email\" aria-required=\"true\" aria-invalid=\"false\" value=\"\" type=\"email\" name=\"your-email\" \/><\/span> <\/label>\n<\/p>\n<p><label> <b>Konu<\/b><br \/>\n<span class=\"wpcf7-form-control-wrap\" data-name=\"your-subject\"><input size=\"40\" class=\"wpcf7-form-control wpcf7-text wpcf7-validates-as-required\" aria-required=\"true\" aria-invalid=\"false\" value=\"\" type=\"text\" name=\"your-subject\" \/><\/span> <\/label>\n<\/p>\n<p><label> <b>Your Message<\/b><br \/>\n<span class=\"wpcf7-form-control-wrap\" data-name=\"your-message\"><textarea cols=\"40\" rows=\"10\" class=\"wpcf7-form-control wpcf7-textarea\" aria-invalid=\"false\" name=\"your-message\"><\/textarea><\/span> <\/label>\n<\/p>\n<p><input class=\"wpcf7-form-control has-spinner wpcf7-submit\" type=\"submit\" value=\"Send\" \/>\n<\/p><div class=\"wpcf7-response-output\" aria-hidden=\"true\"><\/div>\n<input type=\"hidden\" name=\"trp-form-language\" value=\"en\"\/><\/form>\n<\/div>\n<\/div><\/div><\/div><\/div><\/div><\/div><\/div><\/div><div class=\"vc_row-full-width vc_clearfix\"><\/div><div class=\"vc_row wpb_row vc_row-fluid\"><div class=\"wpb_column vc_column_container vc_col-sm-12\"><div class=\"vc_column-inner\"><div class=\"wpb_wrapper\">\n\t<div class=\"wpb_text_column wpb_content_element\" >\n\t\t<div class=\"wpb_wrapper\">\n\t\t\t<div class=\"brz-root__container\"><\/div>\n\n\t\t<\/div>\n\t<\/div>\n<\/div><\/div><\/div><\/div>","protected":false},"excerpt":{"rendered":"<p>B\u0130Z\u0130 ARAYINTelefon: +90 530 157 23 40 B\u0130ZE MA\u0130L ATINexport@barlamarble.com ADRES\u0130M\u0130ZHead Office: K\u00fclt\u00fcr mah. H\u00fcrriyet Cad. Level Ant No:42 A Blok D8 07090 Kepez Antalya T\u00fcrkiye Factory &amp; Quary: Be\u015fevler Mevkii Sevin\u00e7bey Mah. 032502 E\u011firdir Isparta T\u00fcrkiye \u0130leti\u015fimde Kalal\u0131m\u2026 Bizi her zaman takip edip, sizinle ileti\u015fimde kalabilmemiz i\u00e7in sosyal medya hesaplar\u0131m\u0131z\u0131 takip edin. Sosyal A\u011flar: [&hellip;]<\/p>","protected":false},"author":1,"featured_media":0,"parent":0,"menu_order":0,"comment_status":"closed","ping_status":"closed","template":"brizy-blank-template.php","meta":{"footnotes":""},"class_list":["post-7791","page","type-page","status-publish","hentry"],"_links":{"self":[{"href":"https:\/\/barlamarble.com\/en\/wp-json\/wp\/v2\/pages\/7791","targetHints":{"allow":["GET"]}}],"collection":[{"href":"https:\/\/barlamarble.com\/en\/wp-json\/wp\/v2\/pages"}],"about":[{"href":"https:\/\/barlamarble.com\/en\/wp-json\/wp\/v2\/types\/page"}],"author":[{"embeddable":true,"href":"https:\/\/barlamarble.com\/en\/wp-json\/wp\/v2\/users\/1"}],"replies":[{"embeddable":true,"href":"https:\/\/barlamarble.com\/en\/wp-json\/wp\/v2\/comments?post=7791"}],"version-history":[{"count":18,"href":"https:\/\/barlamarble.com\/en\/wp-json\/wp\/v2\/pages\/7791\/revisions"}],"predecessor-version":[{"id":10255,"href":"https:\/\/barlamarble.com\/en\/wp-json\/wp\/v2\/pages\/7791\/revisions\/10255"}],"wp:attachment":[{"href":"https:\/\/barlamarble.com\/en\/wp-json\/wp\/v2\/media?parent=7791"}],"curies":[{"name":"wp","href":"https:\/\/api.w.org\/{rel}","templated":true}]}}